{"id":96,"date":"2024-04-14T16:25:29","date_gmt":"2024-04-14T13:25:29","guid":{"rendered":"https:\/\/jaanaetjari.fi\/?page_id=96"},"modified":"2024-04-14T16:25:29","modified_gmt":"2024-04-14T13:25:29","slug":"valmistautuminen","status":"publish","type":"page","link":"https:\/\/interrail2024.jariti.dy.fi\/index.php\/valmistautuminen\/","title":{"rendered":"Valmistelu"},"content":{"rendered":"\n<h3 class=\"wp-block-heading has-text-align-left is-style-asterisk has-body-font-family has-medium-font-size\" style=\"font-style:normal;font-weight:600\">Interrail-passien hankinta<\/h3>\n\n\n\n<p class=\"has-text-align-left\">Ostimme mobiilipassit maaliskuun alussa, jolloin niist\u00e4 oli 15 %:n kev\u00e4talennus. Ostimme kuukauden liput rajoittamattomalla matkustamisella &#8211; eip\u00e4h\u00e4n sitten tarvitse vatuloida matkap\u00e4ivien m\u00e4\u00e4r\u00e4\u00e4.<\/p>\n\n\n\n<h3 class=\"wp-block-heading has-text-align-left is-style-asterisk has-body-font-family has-medium-font-size\" style=\"font-style:normal;font-weight:600\">Reittien suunnittelua<\/h3>\n\n\n\n<p class=\"has-text-align-left\">Aloitimme mietti\u00e4, mit\u00e4 kaikkea haluaisimme kuukauden aikana n\u00e4hd\u00e4 ja kokea. My\u00f6s koronan takia peruuntunut Varsova tuli reittimme varrelle. Suunnittelun ty\u00f6kaluina olivat <a href=\"https:\/\/eurailplanner.com\/\">Eurail Planner<\/a>, <a href=\"https:\/\/www.openrailwaymap.org\/\">Open Railway Map<\/a> sek\u00e4 paperikartta <a href=\"https:\/\/www.europeanrailtimetable.eu\/rail-map-europe-3rd-edition-3rd-revision-folded-1111-p.asp\">Rail Map Europe<\/a>. V\u00e4hitellen aloimme p\u00e4ivitt\u00e4\u00e4 matkoja my\u00f6s Rail Planneriin.<\/p>\n\n\n\n<h3 class=\"wp-block-heading has-text-align-left\"><strong>Ensimm\u00e4iset varaukset<\/strong><\/h3>\n\n\n\n<p>P\u00e4\u00e4timme l\u00e4ht\u00f6p\u00e4iv\u00e4ksi maanantain 22.4., ja ensin varasimme paikkaliput junaan Joensuusta Helsinkiin. T\u00e4m\u00e4 onnistui soittamalla VR:lle &#8211;<strong> <\/strong>Global Pass Interrail-lipulla voi matkustaa omassa asuinmaassa meno- ja paluumatkat. T\u00e4m\u00e4n j\u00e4lkeen varasimme Viking Linelta y\u00f6n yli laivamatkan Helsingist\u00e4 Tukholmaan ja bussimatkan Tukhoman keskusasemalle. Sitten katsomme, mihin G\u00f6teborgin-junaan enn\u00e4t\u00e4mme.<\/p>\n\n\n\n<h3 class=\"wp-block-heading has-text-align-left is-style-asterisk has-body-font-family has-medium-font-size\" style=\"font-style:normal;font-weight:600\">Rinkant\u00e4ytett\u00e4<\/h3>\n\n\n\n<p class=\"has-text-align-left\">Kuukauden tavarat piti mahtua kahteen rinkkaan. Varasimme mukaan maltillisesti vaatetta ja muuta tavaraa, katsotaan, miten p\u00e4rj\u00e4\u00e4mme niill\u00e4. Jarilla on my\u00f6s CPAP-laite, joka on remmeill\u00e4 kiinni rinkan ulkopuolella.<\/p>\n\n\n\n<h3 class=\"wp-block-heading\"><strong>Ajanvietett\u00e4 <\/strong><\/h3>\n\n\n\n<p class=\"has-text-align-left\">Luulemme, ett\u00e4 junamatkat kuluvat reittien ja majoitusten suunnittelussa, mutta mukaan otimme muutaman pokkarin, ristikkolehden sek\u00e4 l\u00e4pp\u00e4rin ja tabletin. Toki puhelimet ovat k\u00e4yt\u00f6ss\u00e4 paitsi ty\u00f6kaluina my\u00f6s hupina.<\/p>\n\n\n\n<h3 class=\"wp-block-heading has-text-align-left is-style-asterisk has-body-font-family has-medium-font-size\" style=\"font-style:normal;font-weight:600\">Ja sitten matkaan<\/h3>\n\n\n\n<p class=\"has-text-align-left\">Halusimme p\u00e4\u00e4st\u00e4 matkaan ennen kes\u00e4n kiivasta turistikautta, eiv\u00e4tk\u00e4 ty\u00f6tk\u00e4\u00e4n pid\u00e4ttele meit\u00e4 el\u00e4kel\u00e4isi\u00e4. Arvelimme, ett\u00e4 kev\u00e4t on s\u00e4\u00e4nkin puolesta kiva aika matkustaa, kun viel\u00e4 ei ole kuuma.<\/p>\n","protected":false},"excerpt":{"rendered":"<p>Interrail-passien hankinta Ostimme mobiilipassit maaliskuun alussa, jolloin niist\u00e4 oli 15 %:n kev\u00e4talennus. Ostimme kuukauden liput rajoittamattomalla matkustamisella &#8211; eip\u00e4h\u00e4n sitten tarvitse vatuloida matkap\u00e4ivien m\u00e4\u00e4r\u00e4\u00e4. Reittien suunnittelua Aloitimme mietti\u00e4, mit\u00e4 kaikkea haluaisimme kuukauden aikana n\u00e4hd\u00e4 ja kokea. My\u00f6s koronan takia peruuntunut &hellip; <a href=\"https:\/\/interrail2024.jariti.dy.fi\/index.php\/valmistautuminen\/\">Lue loppuun <span class=\"meta-nav\">&rarr;<\/span><\/a><\/p>\n","protected":false},"author":2,"featured_media":0,"parent":0,"menu_order":0,"comment_status":"closed","ping_status":"closed","template":"onecolumn-page.php","meta":{"footnotes":""},"class_list":["post-96","page","type-page","status-publish","hentry"],"_links":{"self":[{"href":"https:\/\/interrail2024.jariti.dy.fi\/index.php\/wp-json\/wp\/v2\/pages\/96","targetHints":{"allow":["GET"]}}],"collection":[{"href":"https:\/\/interrail2024.jariti.dy.fi\/index.php\/wp-json\/wp\/v2\/pages"}],"about":[{"href":"https:\/\/interrail2024.jariti.dy.fi\/index.php\/wp-json\/wp\/v2\/types\/page"}],"author":[{"embeddable":true,"href":"https:\/\/interrail2024.jariti.dy.fi\/index.php\/wp-json\/wp\/v2\/users\/2"}],"replies":[{"embeddable":true,"href":"https:\/\/interrail2024.jariti.dy.fi\/index.php\/wp-json\/wp\/v2\/comments?post=96"}],"version-history":[{"count":0,"href":"https:\/\/interrail2024.jariti.dy.fi\/index.php\/wp-json\/wp\/v2\/pages\/96\/revisions"}],"wp:attachment":[{"href":"https:\/\/interrail2024.jariti.dy.fi\/index.php\/wp-json\/wp\/v2\/media?parent=96"}],"curies":[{"name":"wp","href":"https:\/\/api.w.org\/{rel}","templated":true}]}}