{"id":86,"date":"2024-04-13T17:59:09","date_gmt":"2024-04-13T14:59:09","guid":{"rendered":"https:\/\/jaanaetjari.fi\/?page_id=86"},"modified":"2024-04-13T17:59:09","modified_gmt":"2024-04-13T14:59:09","slug":"reitin-suunnittelu","status":"publish","type":"page","link":"https:\/\/interrail2024.jariti.dy.fi\/index.php\/reitin-suunnittelu\/","title":{"rendered":"Reitin suunnittelua"},"content":{"rendered":"\n<p>Suunnitelmana on l\u00e4hte\u00e4 maailmalle Tukholman kautta, ja matkamme etel\u00e4isin paikka on Etel\u00e4-Ranskan La Rochelle. <\/p>\n\n\n\n<figure class=\"wp-block-image size-full\"><img loading=\"lazy\" decoding=\"async\" width=\"799\" height=\"687\" src=\"https:\/\/inter2024.jariti.dy.fi\/wp-content\/uploads\/2024\/04\/reitti2.jpg\" alt=\"\" class=\"wp-image-91\" srcset=\"https:\/\/interrail2024.jariti.dy.fi\/wp-content\/uploads\/2024\/04\/reitti2.jpg 799w, https:\/\/interrail2024.jariti.dy.fi\/wp-content\/uploads\/2024\/04\/reitti2-300x258.jpg 300w, https:\/\/interrail2024.jariti.dy.fi\/wp-content\/uploads\/2024\/04\/reitti2-768x660.jpg 768w\" sizes=\"auto, (max-width: 799px) 100vw, 799px\" \/><\/figure>\n\n\n\n<p><\/p>\n\n\n\n<p>Jari: Reitti\u00e4 suunnitellessani k\u00e4ytin apuna Eurail Planner -ohjelmaa. Siit\u00e4 n\u00e4in suurin piirtein, minne menn\u00e4\u00e4n seuraavaksi. Rautatiereitin suunnittelussa k\u00e4ytin apuna OpenRailMap-ohjelmaa. Ohjelmalla n\u00e4kyy, miss\u00e4 yleens\u00e4 rautateit\u00e4 on k\u00e4ytett\u00e4viss\u00e4. Alla olevassa kuvassa n\u00e4kyv\u00e4t esimerkkin\u00e4 Amsterdamin ymp\u00e4rist\u00f6n rautatiet.<\/p>\n\n\n<div class=\"wp-block-image\">\n<figure class=\"aligncenter size-full\"><img loading=\"lazy\" decoding=\"async\" width=\"526\" height=\"373\" src=\"https:\/\/inter2024.jariti.dy.fi\/wp-content\/uploads\/2024\/04\/amsterdam2.jpg\" alt=\"\" class=\"wp-image-126\" srcset=\"https:\/\/interrail2024.jariti.dy.fi\/wp-content\/uploads\/2024\/04\/amsterdam2.jpg 526w, https:\/\/interrail2024.jariti.dy.fi\/wp-content\/uploads\/2024\/04\/amsterdam2-300x213.jpg 300w\" sizes=\"auto, (max-width: 526px) 100vw, 526px\" \/><\/figure>\n<\/div>\n\n\n<p>Sitten alkoi junien, reittien ja aikataulujen mets\u00e4stys. Siihen sopiva ty\u00f6kalu oli Rail Planner -sovellus, joka on tehty puhelinta varten. Jos haluaa asentaa sen tietokoneelle, on asennettava ensin Android-emulaattori. Itse k\u00e4ytin BlueStack 5 -emulaattoria. Rail Plannerin hain Play-kaupasta. Sill\u00e4 saa junien aikataulut helposti selville. Alla on kuva sovelluksesta, vasemmalla on yleisaikataulu ja oikealla yhden junan reitin aikataulua.<\/p>\n\n\n\n<figure class=\"wp-block-image size-full\"><img loading=\"lazy\" decoding=\"async\" width=\"920\" height=\"849\" src=\"https:\/\/inter2024.jariti.dy.fi\/wp-content\/uploads\/2024\/04\/railpl.jpg\" alt=\"\" class=\"wp-image-129\" srcset=\"https:\/\/interrail2024.jariti.dy.fi\/wp-content\/uploads\/2024\/04\/railpl.jpg 920w, https:\/\/interrail2024.jariti.dy.fi\/wp-content\/uploads\/2024\/04\/railpl-300x277.jpg 300w, https:\/\/interrail2024.jariti.dy.fi\/wp-content\/uploads\/2024\/04\/railpl-768x709.jpg 768w\" sizes=\"auto, (max-width: 920px) 100vw, 920px\" \/><\/figure>\n\n\n\n<p><\/p>\n","protected":false},"excerpt":{"rendered":"<p>Suunnitelmana on l\u00e4hte\u00e4 maailmalle Tukholman kautta, ja matkamme etel\u00e4isin paikka on Etel\u00e4-Ranskan La Rochelle. Jari: Reitti\u00e4 suunnitellessani k\u00e4ytin apuna Eurail Planner -ohjelmaa. Siit\u00e4 n\u00e4in suurin piirtein, minne menn\u00e4\u00e4n seuraavaksi. Rautatiereitin suunnittelussa k\u00e4ytin apuna OpenRailMap-ohjelmaa. Ohjelmalla n\u00e4kyy, miss\u00e4 yleens\u00e4 rautateit\u00e4 on &hellip; <a href=\"https:\/\/interrail2024.jariti.dy.fi\/index.php\/reitin-suunnittelu\/\">Lue loppuun <span class=\"meta-nav\">&rarr;<\/span><\/a><\/p>\n","protected":false},"author":1,"featured_media":0,"parent":0,"menu_order":0,"comment_status":"closed","ping_status":"closed","template":"onecolumn-page.php","meta":{"footnotes":""},"class_list":["post-86","page","type-page","status-publish","hentry"],"_links":{"self":[{"href":"https:\/\/interrail2024.jariti.dy.fi\/index.php\/wp-json\/wp\/v2\/pages\/86","targetHints":{"allow":["GET"]}}],"collection":[{"href":"https:\/\/interrail2024.jariti.dy.fi\/index.php\/wp-json\/wp\/v2\/pages"}],"about":[{"href":"https:\/\/interrail2024.jariti.dy.fi\/index.php\/wp-json\/wp\/v2\/types\/page"}],"author":[{"embeddable":true,"href":"https:\/\/interrail2024.jariti.dy.fi\/index.php\/wp-json\/wp\/v2\/users\/1"}],"replies":[{"embeddable":true,"href":"https:\/\/interrail2024.jariti.dy.fi\/index.php\/wp-json\/wp\/v2\/comments?post=86"}],"version-history":[{"count":0,"href":"https:\/\/interrail2024.jariti.dy.fi\/index.php\/wp-json\/wp\/v2\/pages\/86\/revisions"}],"wp:attachment":[{"href":"https:\/\/interrail2024.jariti.dy.fi\/index.php\/wp-json\/wp\/v2\/media?parent=86"}],"curies":[{"name":"wp","href":"https:\/\/api.w.org\/{rel}","templated":true}]}}