{"id":442,"date":"2024-03-05T09:45:34","date_gmt":"2024-03-05T07:45:34","guid":{"rendered":"https:\/\/jaanaetjari.fi\/?page_id=2"},"modified":"2024-03-05T09:45:34","modified_gmt":"2024-03-05T07:45:34","slug":"esimerkkisivu-2","status":"publish","type":"page","link":"https:\/\/interrail2024.jariti.dy.fi\/index.php\/esimerkkisivu-2\/","title":{"rendered":"Etusivu"},"content":{"rendered":"\n<h2 class=\"wp-block-heading\">Kuvia ja tapahtumia reppureissultamme, kev\u00e4\u00e4lt\u00e4 2024<\/h2>\n\n\n\n<p>Olemme el\u00e4kel\u00e4ispariskunta it\u00e4isest\u00e4 Suomesta, Pohjois-Karjalasta. T\u00e4m\u00e4 on ensimm\u00e4inen yhteinen Interrailimme.<\/p>\n\n\n\n<p>Idea Interrailista syntyi, kun olimme loka-marraskuussa 2023 V\u00e4limeren-risteilyll\u00e4. Tuolloin muistelimme omatoimisesti tekemi\u00e4mme Euroopan kaupunkilomia ja mietimme, ett\u00e4 olisi kiva olla taas itse ohjaksissa.<\/p>\n\n\n\n<p>Innoituksena matkalle olivat kirjat Matkoilla Euroopassa (Antti Tuuri 2011) ja Eurooppa raitella (Pekka Haavisto 2019). My\u00f6s Facebook-ryhmist\u00e4 Maata pitkin matkustavat sek\u00e4 Interrail &amp; Eurail Travelers olemme saaneet sytykkeit\u00e4 omalle matkallemme.<\/p>\n\n\n<div class=\"wp-block-image\">\n<figure class=\"aligncenter size-medium\"><img loading=\"lazy\" decoding=\"async\" width=\"263\" height=\"300\" src=\"https:\/\/inter2024.jariti.dy.fi\/wp-content\/uploads\/2024\/04\/Ekakuva-898x1024-1-263x300.jpg\" alt=\"\" class=\"wp-image-70\" srcset=\"https:\/\/interrail2024.jariti.dy.fi\/wp-content\/uploads\/2024\/04\/Ekakuva-898x1024-1-263x300.jpg 263w, https:\/\/interrail2024.jariti.dy.fi\/wp-content\/uploads\/2024\/04\/Ekakuva-898x1024-1-768x876.jpg 768w, https:\/\/interrail2024.jariti.dy.fi\/wp-content\/uploads\/2024\/04\/Ekakuva-898x1024-1.jpg 898w\" sizes=\"auto, (max-width: 263px) 100vw, 263px\" \/><\/figure>\n<\/div>\n\n\n<p><em>&#8221;Koska tied\u00e4mme, ett\u00e4 matkustaisimme t\u00e4ll\u00e4 matkalla junilla pitk\u00e4\u00e4n, katselemme maisemia rauhassa, emmek\u00e4 odota, ett\u00e4 juna olisi perill\u00e4. Olimme tulleet junamatkalle emmek\u00e4 p\u00e4\u00e4sem\u00e4\u00e4n perille mihink\u00e4\u00e4n; perill\u00e4 olisimme aina, kun olisimme junassa.&#8221;<\/em> (Antti Tuuri 2011, Matkoilla Euroopassa)<\/p>\n","protected":false},"excerpt":{"rendered":"<p>Kuvia ja tapahtumia reppureissultamme, kev\u00e4\u00e4lt\u00e4 2024 Olemme el\u00e4kel\u00e4ispariskunta it\u00e4isest\u00e4 Suomesta, Pohjois-Karjalasta. T\u00e4m\u00e4 on ensimm\u00e4inen yhteinen Interrailimme. Idea Interrailista syntyi, kun olimme loka-marraskuussa 2023 V\u00e4limeren-risteilyll\u00e4. Tuolloin muistelimme omatoimisesti tekemi\u00e4mme Euroopan kaupunkilomia ja mietimme, ett\u00e4 olisi kiva olla taas itse ohjaksissa. Innoituksena &hellip; <a href=\"https:\/\/interrail2024.jariti.dy.fi\/index.php\/esimerkkisivu-2\/\">Lue loppuun <span class=\"meta-nav\">&rarr;<\/span><\/a><\/p>\n","protected":false},"author":1,"featured_media":0,"parent":0,"menu_order":0,"comment_status":"closed","ping_status":"closed","template":"onecolumn-page.php","meta":{"footnotes":""},"class_list":["post-442","page","type-page","status-publish","hentry"],"_links":{"self":[{"href":"https:\/\/interrail2024.jariti.dy.fi\/index.php\/wp-json\/wp\/v2\/pages\/442","targetHints":{"allow":["GET"]}}],"collection":[{"href":"https:\/\/interrail2024.jariti.dy.fi\/index.php\/wp-json\/wp\/v2\/pages"}],"about":[{"href":"https:\/\/interrail2024.jariti.dy.fi\/index.php\/wp-json\/wp\/v2\/types\/page"}],"author":[{"embeddable":true,"href":"https:\/\/interrail2024.jariti.dy.fi\/index.php\/wp-json\/wp\/v2\/users\/1"}],"replies":[{"embeddable":true,"href":"https:\/\/interrail2024.jariti.dy.fi\/index.php\/wp-json\/wp\/v2\/comments?post=442"}],"version-history":[{"count":0,"href":"https:\/\/interrail2024.jariti.dy.fi\/index.php\/wp-json\/wp\/v2\/pages\/442\/revisions"}],"wp:attachment":[{"href":"https:\/\/interrail2024.jariti.dy.fi\/index.php\/wp-json\/wp\/v2\/media?parent=442"}],"curies":[{"name":"wp","href":"https:\/\/api.w.org\/{rel}","templated":true}]}}