{"id":435,"date":"2024-05-21T19:26:42","date_gmt":"2024-05-21T16:26:42","guid":{"rendered":"https:\/\/jaanaetjari.fi\/?page_id=435"},"modified":"2024-05-21T19:26:42","modified_gmt":"2024-05-21T16:26:42","slug":"matkasta-opittua","status":"publish","type":"page","link":"https:\/\/interrail2024.jariti.dy.fi\/index.php\/matkasta-opittua\/","title":{"rendered":"Matkasta opittua"},"content":{"rendered":"\n<p><strong>Reilipassi ja matkojen suunnittelu<\/strong><\/p>\n\n\n\n<ul class=\"wp-block-list\">\n<li>Interrail on omatoimimatkailua, ja voit valita passisi matka-ajan 15 p\u00e4iv\u00e4st\u00e4 kolmeen kuukauteen. Eri passeissa on my\u00f6s mahdollisuus valita eri m\u00e4\u00e4r\u00e4 matkap\u00e4ivi\u00e4. Meid\u00e4n valintamme oli \u201dmatkusta vapaasti 1 kuukauden ajan\u201d, hypp\u00e4simme siis heti keskisyv\u00e4\u00e4n p\u00e4\u00e4tyyn. Seniorit (yli 60 v.) saavat Interrail-passit edullisempaan hintaan, ja kannattaa my\u00f6s seurata mahdollisia tarjouksia. Itse ostimme mobiilipassimme kev\u00e4\u00e4ll\u00e4 15 prosentin alennuksella.<\/li>\n\n\n\n<li>Interrail-mobiilikortti sin\u00e4ll\u00e4\u00e4n on yll\u00e4tt\u00e4v\u00e4n helppo k\u00e4ytt\u00e4\u00e4. Toisaalta reittien suunnittelussa paikasta toiseen joutui jossain vaiheessa tekem\u00e4\u00e4n paljonkin t\u00f6it\u00e4. Ruotsi, Tanska, Pohjois-Saksa ja Ranska olivat helppoja. Ranskassa, jossa reissailimme eri paikoissa, junamatkat suunnitteluineen onnistuivat loistavasti. Ranskan rautatiet ja asemat olivat selkeit\u00e4. Ainut huomioitava seikka olivat raidemerkinn\u00e4t: joissain oli numerot ja toisissa kirjaimet. Saksa oli pettymys Berliinin it\u00e4puolella eli vanhassa DDR:ss\u00e4. L\u00e4nsi-Saksassa junat toimivat hyvin mutta it\u00e4puoli oli vanhaa Ven\u00e4j\u00e4n mentaliteettia. Reititykset eiv\u00e4t tahtonut onnistua, aina oli jollain v\u00e4lill\u00e4 pakollinen paikkalippu, jota ei saanut verkosta. My\u00f6sk\u00e4\u00e4n asemalta paikkalipun ostaminen ei onnistunut niiss\u00e4 muutamissa tapauksissa, joissa sit\u00e4 koitettiin \u2013 paikkoja ei kuulemma ollut.<\/li>\n\n\n\n<li>Ranskan ja l\u00e4ntisen Saksan junissa lipuntarkastajat olivat varmaan itsekin Interraililla. Niin harvoin kukaan oli kiinnostunut matkalipuista. Berliinin it\u00e4puolella taas tuntui riitt\u00e4v\u00e4n henkil\u00f6kuntaa tarkastelemaan lippuja useampaankin kertaan.<\/li>\n<\/ul>\n\n\n\n<p><strong>Suunnistaminen vieraissa paikoissa, joita kaikki reissumme paikat olivat<\/strong><\/p>\n\n\n\n<ul class=\"wp-block-list\">\n<li>Google Maps -sovellusta tuli k\u00e4ytetty\u00e4 paljon. Suuntanuoli tai n\u00e4kym\u00e4viuhka py\u00f6ri kuin tuuliviiri: milloin minnekin. Siihen ei kannata luottaa. Reittiopas tuntui hyv\u00e4lt\u00e4 mutta vain 2D-tasossa ilman reittiselityksi\u00e4. Siihen oppi luottamaan matkan viimeisell\u00e4 viikolla, kun oli kolme viikkoa harjoitellut. Tuli kyll\u00e4 muutaman kerran mieleen, ett\u00e4 TomTom oli tyhj\u00e4n panttina auton tuulilasissa. Mutta Mapsilla on hyv\u00e4 etsi\u00e4 kauppoja ja ravintoloita, bussi- ja ratikkalinjoja, kunhan ei vain luota siihen, mihin suuntaan viuhka n\u00e4ytt\u00e4\u00e4.<\/li>\n<\/ul>\n\n\n\n<p><strong>Reilaamisen mentaliteetti<\/strong><\/p>\n\n\n\n<ul class=\"wp-block-list\">\n<li>Reilaaminen vaatii k\u00e4rsiv\u00e4llisyytt\u00e4, joustavuutta ja seikkailumielt\u00e4: jos yhteen junaan ei enn\u00e4t\u00e4, toisia tulee kyll\u00e4. Reittej\u00e4 ja aikatauluja ei mielest\u00e4mme kannata suunnitella pitk\u00e4lle valmiiksi, jotta sattumuksille j\u00e4\u00e4 varaa. Hotelleja ja airbnb-asuntoja kyll\u00e4 l\u00f6ytyy aina, ainakin sesongin ulkopuolella. Voi my\u00f6s tulla tarve olla jossakin paikassa pidemp\u00e4\u00e4n kuin on alun perin suunnitellut tai toisinp\u00e4in.<\/li>\n\n\n\n<li>Jos reilaat matkakumppanin kanssa, varaudu, ett\u00e4 olet pitk\u00e4t p\u00e4tk\u00e4t h\u00e4nen kanssaan, esim. puolison kanssa tiiviimmin kuin kotona arjessa. Matkustaminen vaatii toisen huomioon ottamista ja omista toiveista joustamista puolin ja toisin.<\/li>\n<\/ul>\n\n\n\n<p><strong>Majoittuminen<\/strong><\/p>\n\n\n\n<ul class=\"wp-block-list\">\n<li>Majoittumisvaihtoehtoja kannattaa mietti\u00e4, ja hienoa, jos Euroopassa on tuttuja, joiden luona voisi majoittua vaikka muutaman y\u00f6n. Lis\u00e4ksi valittavina ovat hotellit, airbnb:t ja hostellit, kullekin budjetin mukaan. Meill\u00e4 oli taktiikkana varata hotellihuone, jos olimme kohteessa vain kauttakulkumatkalla. Sen sijaan muutaman y\u00f6n majoituksiin varasimme airbnb:t, joissa laitoimme varausehtoihin pyykkikoneen. Mielest\u00e4mme ainakin yhden y\u00f6n majoitus kannattaa varata l\u00e4helt\u00e4 rautatieasemaa ihan logistisista syist\u00e4.<\/li>\n<\/ul>\n\n\n\n<p><strong>Varusteet<\/strong><\/p>\n\n\n\n<ul class=\"wp-block-list\">\n<li>On makuasia, pakkaako tavaransa rinkkaan vai matkalaukkuun vai n\u00e4iden yhdistelm\u00e4\u00e4n: reppuun ja keskikokoiseen matkalaukkuun. Itse valitsimme rinkat ihan nostalgiamieless\u00e4.<\/li>\n\n\n\n<li>Yll\u00e4tt\u00e4v\u00e4n pienell\u00e4 vaatem\u00e4\u00e4r\u00e4ll\u00e4 p\u00e4rj\u00e4\u00e4, kunhan p\u00e4\u00e4see v\u00e4lill\u00e4 k\u00e4ytt\u00e4m\u00e4\u00e4n pesukonetta. Airbnb-asunnon varauksessa voi asettaa ehdoksi my\u00f6s silitysraudan, mutta helpommalla p\u00e4\u00e4see, kun varaa silitt\u00e4m\u00e4tt\u00e4 siistej\u00e4 vaatteita.<\/li>\n\n\n\n<li>Hyv\u00e4t keng\u00e4t ovat ilman muuta yksi t\u00e4rkeimmist\u00e4 matkan onnistumisen edellytyksist\u00e4. Meill\u00e4 oli sis\u00e4\u00e4najetut lenkkarit, sandaalit sek\u00e4 muovil\u00e4pp\u00e4set, niill\u00e4 p\u00e4rj\u00e4si hyvin. My\u00f6s jalkojen hoito esim. rasvaamalla on hyv\u00e4 varotoimi, samoin Compeed hiertymien varalle.<\/li>\n\n\n\n<li>Reilaaminen vaatii kohtalaista fyysist\u00e4 kuntoa. Uusissa kaupungeissa tulee v\u00e4ist\u00e4m\u00e4tt\u00e4 k\u00e4velty\u00e4 \u2013 v\u00e4lill\u00e4 jopa harhaan. Ja matkatavaroiden liikuttelu vaatii voimia, olkoon kyseess\u00e4 sitten rinkka tai matkalaukku.<\/li>\n<\/ul>\n\n\n\n<p><strong>Mit\u00e4s viel\u00e4<\/strong><\/p>\n\n\n\n<ul class=\"wp-block-list\">\n<li>Aina kannattaa avata suunsa ja kysy\u00e4 ep\u00e4selv\u00e4ksi j\u00e4\u00e4neit\u00e4 asioita kanssamatkustajilta, sill\u00e4 esim. junissa kuulutukset ovat v\u00e4lill\u00e4 aika hiljaisella ja vain kohdemaan kielell\u00e4 esim. tanskaksi, saksaksi tai ranskaksi. Muut matkustajat ja kohteiden asukkaat ovat yll\u00e4tt\u00e4v\u00e4n avuliaita, esim. kun seisot puhelimen karttasovellus avoinna jossakin kadunkulmauksessa. Saimme monesti apua ihan pyyt\u00e4m\u00e4tt\u00e4kin.<\/li>\n\n\n\n<li>Ja meid\u00e4n senioreiden kannattaa kysy\u00e4 el\u00e4kel\u00e4isalennusta esim. museoissa.<\/li>\n\n\n\n<li>Valuuttaa emme vaihtaneet miss\u00e4\u00e4n maassa, sill\u00e4 kortti k\u00e4vi kaikkialla \u2013 paitsi Ruotsin junan ravintolavaunussa, jossa korttikone ei toiminut. Siell\u00e4 saimme armosta ilmaiset kahvit ja yhden s\u00e4mpyl\u00e4n.<\/li>\n\n\n\n<li>Suomea kuulimme matkan aikana omien jorinoittemme lis\u00e4ksi puhuttavan kahdesti: kerran Saksan junassa ja toisen kerran luostarisaarella.<\/li>\n\n\n\n<li>T\u00e4st\u00e4 emme kirjoittaneet: Jaana oli matkasta puolitoista viikkoa flunssassa ja viikon selk\u00e4kipuisena. Jari oli v\u00e4h\u00e4ll\u00e4 j\u00e4\u00e4d\u00e4 polkupy\u00f6r\u00e4n alle ja pudota ratikasta \u2013 ei tosin vauhdissa mutta pys\u00e4kill\u00e4 rinkka edell\u00e4 katuun. My\u00f6s Jarin alkumatkan nen\u00e4verenvuodot aiheuttivat v\u00e4lill\u00e4 hankaluuksia, kun vuoto ei meinannut tyrehty\u00e4 ollenkaan ja juuri silloin olisi ollut aika nousta junasta. Mutta reissussa r\u00e4hj\u00e4\u00e4ntyy ja kotona korjaantuu \ud83d\ude0a<\/li>\n<\/ul>\n","protected":false},"excerpt":{"rendered":"<p>Reilipassi ja matkojen suunnittelu Suunnistaminen vieraissa paikoissa, joita kaikki reissumme paikat olivat Reilaamisen mentaliteetti Majoittuminen Varusteet Mit\u00e4s viel\u00e4<\/p>\n","protected":false},"author":1,"featured_media":0,"parent":0,"menu_order":0,"comment_status":"closed","ping_status":"closed","template":"onecolumn-page.php","meta":{"footnotes":""},"class_list":["post-435","page","type-page","status-publish","hentry"],"_links":{"self":[{"href":"https:\/\/interrail2024.jariti.dy.fi\/index.php\/wp-json\/wp\/v2\/pages\/435","targetHints":{"allow":["GET"]}}],"collection":[{"href":"https:\/\/interrail2024.jariti.dy.fi\/index.php\/wp-json\/wp\/v2\/pages"}],"about":[{"href":"https:\/\/interrail2024.jariti.dy.fi\/index.php\/wp-json\/wp\/v2\/types\/page"}],"author":[{"embeddable":true,"href":"https:\/\/interrail2024.jariti.dy.fi\/index.php\/wp-json\/wp\/v2\/users\/1"}],"replies":[{"embeddable":true,"href":"https:\/\/interrail2024.jariti.dy.fi\/index.php\/wp-json\/wp\/v2\/comments?post=435"}],"version-history":[{"count":0,"href":"https:\/\/interrail2024.jariti.dy.fi\/index.php\/wp-json\/wp\/v2\/pages\/435\/revisions"}],"wp:attachment":[{"href":"https:\/\/interrail2024.jariti.dy.fi\/index.php\/wp-json\/wp\/v2\/media?parent=435"}],"curies":[{"name":"wp","href":"https:\/\/api.w.org\/{rel}","templated":true}]}}